{"id":34,"date":"2022-04-26T11:43:15","date_gmt":"2022-04-26T11:43:15","guid":{"rendered":"https:\/\/mcacustica.com\/?page_id=34"},"modified":"2022-09-21T08:46:50","modified_gmt":"2022-09-21T08:46:50","slug":"serveis","status":"publish","type":"page","link":"https:\/\/mcacustica.com\/?page_id=34","title":{"rendered":"SERVEIS"},"content":{"rendered":"\t\t<div data-elementor-type=\"wp-page\" data-elementor-id=\"34\" class=\"elementor elementor-34\">\n\t\t\t\t\t\t<section class=\"elementor-section elementor-top-section elementor-element elementor-element-64fcf849 elementor-section-boxed elementor-section-height-default elementor-section-height-default\" data-id=\"64fcf849\" data-element_type=\"section\" data-e-type=\"section\">\n\t\t\t\t\t\t<div class=\"elementor-container elementor-column-gap-default\">\n\t\t\t\t\t<div class=\"elementor-column elementor-col-100 elementor-top-column elementor-element elementor-element-72076a6a\" data-id=\"72076a6a\" data-element_type=\"column\" data-e-type=\"column\" data-settings=\"{&quot;animation&quot;:&quot;none&quot;}\">\n\t\t\t<div class=\"elementor-widget-wrap elementor-element-populated\">\n\t\t\t\t\t\t<div class=\"elementor-element elementor-element-6d14561 elementor-widget elementor-widget-spacer\" data-id=\"6d14561\" data-element_type=\"widget\" data-e-type=\"widget\" data-widget_type=\"spacer.default\">\n\t\t\t\t<div class=\"elementor-widget-container\">\n\t\t\t\t\t\t\t<div class=\"elementor-spacer\">\n\t\t\t<div class=\"elementor-spacer-inner\"><\/div>\n\t\t<\/div>\n\t\t\t\t\t\t<\/div>\n\t\t\t\t<\/div>\n\t\t\t\t<section class=\"elementor-section elementor-inner-section elementor-element elementor-element-d1c2a72 elementor-section-boxed elementor-section-height-default elementor-section-height-default\" data-id=\"d1c2a72\" data-element_type=\"section\" data-e-type=\"section\">\n\t\t\t\t\t\t<div class=\"elementor-container elementor-column-gap-default\">\n\t\t\t\t\t<div class=\"elementor-column elementor-col-33 elementor-inner-column elementor-element elementor-element-a9cce34\" data-id=\"a9cce34\" data-element_type=\"column\" data-e-type=\"column\">\n\t\t\t<div class=\"elementor-widget-wrap elementor-element-populated\">\n\t\t\t\t\t\t<div class=\"elementor-element elementor-element-9608e35 elementor-align-center elementor-widget elementor-widget-button\" data-id=\"9608e35\" data-element_type=\"widget\" data-e-type=\"widget\" data-widget_type=\"button.default\">\n\t\t\t\t<div class=\"elementor-widget-container\">\n\t\t\t\t\t\t\t\t\t<div class=\"elementor-button-wrapper\">\n\t\t\t\t\t<a class=\"elementor-button elementor-button-link elementor-size-xs\" href=\"https:\/\/mcacustica.com\/?page_id=160\">\n\t\t\t\t\t\t<span class=\"elementor-button-content-wrapper\">\n\t\t\t\t\t\t\t\t\t<span class=\"elementor-button-text\">AC\u00daSTICA ARQUITECT\u00d2NICA<\/span>\n\t\t\t\t\t<\/span>\n\t\t\t\t\t<\/a>\n\t\t\t\t<\/div>\n\t\t\t\t\t\t\t\t<\/div>\n\t\t\t\t<\/div>\n\t\t\t\t<div class=\"elementor-element elementor-element-63e5d31 elementor-widget elementor-widget-image\" data-id=\"63e5d31\" data-element_type=\"widget\" data-e-type=\"widget\" data-widget_type=\"image.default\">\n\t\t\t\t<div class=\"elementor-widget-container\">\n\t\t\t\t\t\t\t\t\t\t\t\t\t\t\t\t<a href=\"https:\/\/mcacustica.com\/?page_id=160\">\n\t\t\t\t\t\t\t<img decoding=\"async\" src=\"https:\/\/mcacustica.com\/wp-content\/uploads\/elementor\/thumbs\/sinofos-1-r7alawdxgphq35l5ug582d6xmopx6j52d0v31ssnt4.jpg\" title=\"sinofos 1\" alt=\"sinofos 1\" loading=\"lazy\" \/>\t\t\t\t\t\t\t\t<\/a>\n\t\t\t\t\t\t\t\t\t\t\t\t\t\t\t<\/div>\n\t\t\t\t<\/div>\n\t\t\t\t<div class=\"elementor-element elementor-element-976fc5d elementor-widget elementor-widget-text-editor\" data-id=\"976fc5d\" data-element_type=\"widget\" data-e-type=\"widget\" data-widget_type=\"text-editor.default\">\n\t\t\t\t<div class=\"elementor-widget-container\">\n\t\t\t\t\t\t\t\t\t<p><span class=\"collapseomatic \" id=\"id69fdd95185eff\"  tabindex=\"0\" title=\"Projectes d&#039;a\u00efllament i condicionament ac\u00fastic i control de soroll de les instal\u00b7lacions d&#039;edificis resdiencials, hotelers, comercials, p\u00fablics i de serveis.\"    >Projectes d&#8217;a\u00efllament i condicionament ac\u00fastic i control de soroll de les instal\u00b7lacions d&#8217;edificis resdiencials, hotelers, comercials, p\u00fablics i de serveis.<\/span><div id=\"target-id69fdd95185eff\" class=\"collapseomatic_content \"><\/p><ul><li>Projectes de condicionament ac\u00fastic d&#8217;espais (qualitat ac\u00fastica interior)<\/li><li>Projectes d&#8217;a\u00efllament i insonoritzaci\u00f3 ac\u00fastica<\/li><li>Projectes de control de soroll i vibracions de les instal\u00b7lacions de l&#8217;edifici<\/li><li>Redacci\u00f3 d&#8217;estudis d&#8217;impacte ac\u00fastic per a la tramitaci\u00f3 d&#8217;expedients de legalitzaci\u00f3 d&#8217;activitats<\/li><li>Direcci\u00f3 d&#8217;obra (control de qualitat i compliment del CTE DB-HR)<\/li><li>Sonometries d&#8217;a\u00efllament ac\u00fastic, nivell d&#8217;immissi\u00f3 sonora i temps de reverberaci\u00f3<\/div><\/li><\/ul>\t\t\t\t\t\t\t\t<\/div>\n\t\t\t\t<\/div>\n\t\t\t\t\t<\/div>\n\t\t<\/div>\n\t\t\t\t<div class=\"elementor-column elementor-col-33 elementor-inner-column elementor-element elementor-element-7b5d169\" data-id=\"7b5d169\" data-element_type=\"column\" data-e-type=\"column\">\n\t\t\t<div class=\"elementor-widget-wrap elementor-element-populated\">\n\t\t\t\t\t\t<div class=\"elementor-element elementor-element-d6429aa elementor-align-center elementor-widget elementor-widget-button\" data-id=\"d6429aa\" data-element_type=\"widget\" data-e-type=\"widget\" data-widget_type=\"button.default\">\n\t\t\t\t<div class=\"elementor-widget-container\">\n\t\t\t\t\t\t\t\t\t<div class=\"elementor-button-wrapper\">\n\t\t\t\t\t<a class=\"elementor-button elementor-button-link elementor-size-xs\" href=\"https:\/\/mcacustica.com\/?page_id=162\">\n\t\t\t\t\t\t<span class=\"elementor-button-content-wrapper\">\n\t\t\t\t\t\t\t\t\t<span class=\"elementor-button-text\">AC\u00daSTICA AMBIENTAL<\/span>\n\t\t\t\t\t<\/span>\n\t\t\t\t\t<\/a>\n\t\t\t\t<\/div>\n\t\t\t\t\t\t\t\t<\/div>\n\t\t\t\t<\/div>\n\t\t\t\t<div class=\"elementor-element elementor-element-ebcc9c3 elementor-widget elementor-widget-image\" data-id=\"ebcc9c3\" data-element_type=\"widget\" data-e-type=\"widget\" data-widget_type=\"image.default\">\n\t\t\t\t<div class=\"elementor-widget-container\">\n\t\t\t\t\t\t\t\t\t\t\t\t\t\t\t\t<a href=\"https:\/\/mcacustica.com\/?page_id=162\">\n\t\t\t\t\t\t\t<img decoding=\"async\" src=\"https:\/\/mcacustica.com\/wp-content\/uploads\/elementor\/thumbs\/By-Pol-Viladoms-10-copia-r7alb9jo4dzqlp21plu019vdy2x26alb2tzvro95e0.jpg\" title=\"CASA VICENS\" alt=\"CASA VICENS\" loading=\"lazy\" \/>\t\t\t\t\t\t\t\t<\/a>\n\t\t\t\t\t\t\t\t\t\t\t\t\t\t\t<\/div>\n\t\t\t\t<\/div>\n\t\t\t\t<div class=\"elementor-element elementor-element-73c9b2c elementor-widget elementor-widget-text-editor\" data-id=\"73c9b2c\" data-element_type=\"widget\" data-e-type=\"widget\" data-widget_type=\"text-editor.default\">\n\t\t\t\t<div class=\"elementor-widget-container\">\n\t\t\t\t\t\t\t\t\t<p><span class=\"collapseomatic \" id=\"id69fdd951863c0\"  tabindex=\"0\" title=\"Projectes i sonometries ac\u00fastiques de control de soroll i vibracions i estudis d&#039;impacte ac\u00fastic d&#039;activitats i instal\u00b7lacions.\"    >Projectes i sonometries ac\u00fastiques de control de soroll i vibracions i estudis d&#8217;impacte ac\u00fastic d&#8217;activitats i instal\u00b7lacions.<\/span><div id=\"target-id69fdd951863c0\" class=\"collapseomatic_content \"><\/p><ul><li>Projectes d&#8217;impacte ac\u00fastic d&#8217;activitats industrials i comercials<\/li><li>Projectes de predicci\u00f3 de nivells d&#8217;immissi\u00f3 sonora deguts a activitats industrials, infraestructures vi\u00e0ries i ferrovi\u00e0ries<\/li><li>Sonometries de nivell sonor per a la comprovaci\u00f3 del compliment d&#8217;Ordenances Municipals reguladores de sorolls i vibracions<\/div><\/li><\/ul>\t\t\t\t\t\t\t\t<\/div>\n\t\t\t\t<\/div>\n\t\t\t\t\t<\/div>\n\t\t<\/div>\n\t\t\t\t<div class=\"elementor-column elementor-col-33 elementor-inner-column elementor-element elementor-element-8c0f60e\" data-id=\"8c0f60e\" data-element_type=\"column\" data-e-type=\"column\">\n\t\t\t<div class=\"elementor-widget-wrap elementor-element-populated\">\n\t\t\t\t\t\t<div class=\"elementor-element elementor-element-2abc7ff elementor-align-center elementor-widget elementor-widget-button\" data-id=\"2abc7ff\" data-element_type=\"widget\" data-e-type=\"widget\" data-widget_type=\"button.default\">\n\t\t\t\t<div class=\"elementor-widget-container\">\n\t\t\t\t\t\t\t\t\t<div class=\"elementor-button-wrapper\">\n\t\t\t\t\t<a class=\"elementor-button elementor-button-link elementor-size-xs\" href=\"https:\/\/mcacustica.com\/?page_id=164\">\n\t\t\t\t\t\t<span class=\"elementor-button-content-wrapper\">\n\t\t\t\t\t\t\t\t\t<span class=\"elementor-button-text\">AC\u00daSTICA INDUSTRIAL<\/span>\n\t\t\t\t\t<\/span>\n\t\t\t\t\t<\/a>\n\t\t\t\t<\/div>\n\t\t\t\t\t\t\t\t<\/div>\n\t\t\t\t<\/div>\n\t\t\t\t<div class=\"elementor-element elementor-element-251cd36 elementor-widget elementor-widget-image\" data-id=\"251cd36\" data-element_type=\"widget\" data-e-type=\"widget\" data-widget_type=\"image.default\">\n\t\t\t\t<div class=\"elementor-widget-container\">\n\t\t\t\t\t\t\t\t\t\t\t\t\t\t\t\t<a href=\"https:\/\/mcacustica.com\/?page_id=164\">\n\t\t\t\t\t\t\t<img decoding=\"async\" src=\"https:\/\/mcacustica.com\/wp-content\/uploads\/elementor\/thumbs\/LCpapaer-r7alavg39vgfrjmizxqlhvfh1aujyu1c0w7lkiu1zc.jpeg\" title=\"LCpapaer\" alt=\"LCpapaer\" loading=\"lazy\" \/>\t\t\t\t\t\t\t\t<\/a>\n\t\t\t\t\t\t\t\t\t\t\t\t\t\t\t<\/div>\n\t\t\t\t<\/div>\n\t\t\t\t<div class=\"elementor-element elementor-element-d546e1c elementor-widget elementor-widget-text-editor\" data-id=\"d546e1c\" data-element_type=\"widget\" data-e-type=\"widget\" data-widget_type=\"text-editor.default\">\n\t\t\t\t<div class=\"elementor-widget-container\">\n\t\t\t\t\t\t\t\t\t<p><span class=\"collapseomatic \" id=\"id69fdd951867e7\"  tabindex=\"0\" title=\"Projectes de control de soroll i vibracions de les activitats industrials per a garanti el compliment de les normatives vigents i la salut dels treballadors.\"    >Projectes de control de soroll i vibracions de les activitats industrials per a garanti el compliment de les normatives vigents i la salut dels treballadors.<\/span><div id=\"target-id69fdd951867e7\" class=\"collapseomatic_content \"><\/p><ul><li>Projectes de control de soroll i vibracions de les activitats industrials per a garantir les normatives vigents i la salut dels treballadors<\/li><li>Estudi i disseny de solucions constructives per l&#8217;apantallament i encapsulament de maquin\u00e0ria<\/li><li>Absorci\u00f3 ac\u00fastica interior d&#8217;espais industrials per a control de soroll al lloc de treball<\/li><li>Sonometries de nivell sonor<\/div><\/li><\/ul>\t\t\t\t\t\t\t\t<\/div>\n\t\t\t\t<\/div>\n\t\t\t\t\t<\/div>\n\t\t<\/div>\n\t\t\t\t\t<\/div>\n\t\t<\/section>\n\t\t\t\t\t<\/div>\n\t\t<\/div>\n\t\t\t\t\t<\/div>\n\t\t<\/section>\n\t\t\t\t<\/div>\n\t\t","protected":false},"excerpt":{"rendered":"<p>AC\u00daSTICA ARQUITECT\u00d2NICA AC\u00daSTICA AMBIENTAL AC\u00daSTICA INDUSTRIAL<\/p>\n","protected":false},"author":1,"featured_media":0,"parent":0,"menu_order":0,"comment_status":"closed","ping_status":"closed","template":"elementor_theme","meta":{"footnotes":""},"class_list":["post-34","page","type-page","status-publish"],"_links":{"self":[{"href":"https:\/\/mcacustica.com\/index.php?rest_route=\/wp\/v2\/pages\/34","targetHints":{"allow":["GET"]}}],"collection":[{"href":"https:\/\/mcacustica.com\/index.php?rest_route=\/wp\/v2\/pages"}],"about":[{"href":"https:\/\/mcacustica.com\/index.php?rest_route=\/wp\/v2\/types\/page"}],"author":[{"embeddable":true,"href":"https:\/\/mcacustica.com\/index.php?rest_route=\/wp\/v2\/users\/1"}],"replies":[{"embeddable":true,"href":"https:\/\/mcacustica.com\/index.php?rest_route=%2Fwp%2Fv2%2Fcomments&post=34"}],"version-history":[{"count":269,"href":"https:\/\/mcacustica.com\/index.php?rest_route=\/wp\/v2\/pages\/34\/revisions"}],"predecessor-version":[{"id":2382,"href":"https:\/\/mcacustica.com\/index.php?rest_route=\/wp\/v2\/pages\/34\/revisions\/2382"}],"wp:attachment":[{"href":"https:\/\/mcacustica.com\/index.php?rest_route=%2Fwp%2Fv2%2Fmedia&parent=34"}],"curies":[{"name":"wp","href":"https:\/\/api.w.org\/{rel}","templated":true}]}}