{"id":267,"date":"2022-06-10T13:12:17","date_gmt":"2022-06-10T13:12:17","guid":{"rendered":"https:\/\/mcacustica.com\/?page_id=267"},"modified":"2022-09-21T08:44:28","modified_gmt":"2022-09-21T08:44:28","slug":"inici","status":"publish","type":"page","link":"https:\/\/mcacustica.com\/","title":{"rendered":"INICI"},"content":{"rendered":"\t\t<div data-elementor-type=\"wp-page\" data-elementor-id=\"267\" class=\"elementor elementor-267\">\n\t\t\t\t\t\t<section class=\"elementor-section elementor-top-section elementor-element elementor-element-90cd0e1 elementor-section-boxed elementor-section-height-default elementor-section-height-default\" data-id=\"90cd0e1\" data-element_type=\"section\" data-e-type=\"section\">\n\t\t\t\t\t\t<div class=\"elementor-container elementor-column-gap-default\">\n\t\t\t\t\t<div class=\"elementor-column elementor-col-100 elementor-top-column elementor-element elementor-element-274ae29\" data-id=\"274ae29\" data-element_type=\"column\" data-e-type=\"column\">\n\t\t\t<div class=\"elementor-widget-wrap elementor-element-populated\">\n\t\t\t\t\t\t<div class=\"elementor-element elementor-element-2319dab elementor-arrows-position-inside elementor-widget elementor-widget-image-carousel\" data-id=\"2319dab\" data-element_type=\"widget\" data-e-type=\"widget\" data-settings=\"{&quot;slides_to_show&quot;:&quot;1&quot;,&quot;navigation&quot;:&quot;arrows&quot;,&quot;pause_on_hover&quot;:&quot;no&quot;,&quot;pause_on_interaction&quot;:&quot;no&quot;,&quot;autoplay_speed&quot;:3000,&quot;speed&quot;:1000,&quot;autoplay&quot;:&quot;yes&quot;,&quot;infinite&quot;:&quot;yes&quot;,&quot;effect&quot;:&quot;slide&quot;}\" data-widget_type=\"image-carousel.default\">\n\t\t\t\t<div class=\"elementor-widget-container\">\n\t\t\t\t\t\t\t<div class=\"elementor-image-carousel-wrapper swiper\" role=\"region\" aria-roledescription=\"carousel\" aria-label=\"Carrusel de im\u00e1genes\" dir=\"ltr\">\n\t\t\t<div class=\"elementor-image-carousel swiper-wrapper\" aria-live=\"off\">\n\t\t\t\t\t\t\t\t<div class=\"swiper-slide\" role=\"group\" aria-roledescription=\"slide\" aria-label=\"1 de 10\"><figure class=\"swiper-slide-inner\"><img decoding=\"async\" class=\"swiper-slide-image\" src=\"https:\/\/mcacustica.com\/wp-content\/uploads\/elementor\/thumbs\/JGC-180329_1141-e1661851182841-r7alb21c049dttplmxby7sglc1gbvzbb0wjacqch8s.jpg\" alt=\"JGC-180329_1141\" \/><\/figure><\/div><div class=\"swiper-slide\" role=\"group\" aria-roledescription=\"slide\" aria-label=\"2 de 10\"><figure class=\"swiper-slide-inner\"><img decoding=\"async\" class=\"swiper-slide-image\" src=\"https:\/\/mcacustica.com\/wp-content\/uploads\/elementor\/thumbs\/sinofos-1-e1661851040757-r7alaz7tfm5iuztp3e42ib67jvu88w040iktwwgnrg.jpg\" alt=\"sinofos 1\" \/><\/figure><\/div><div class=\"swiper-slide\" role=\"group\" aria-roledescription=\"slide\" aria-label=\"3 de 10\"><figure class=\"swiper-slide-inner\"><img decoding=\"async\" class=\"swiper-slide-image\" src=\"https:\/\/mcacustica.com\/wp-content\/uploads\/elementor\/thumbs\/By-Pol-Viladoms-10-r7alb2z66yao5fo8hfqksa81xfbp3of1d16ru0b32k.jpg\" alt=\"By Pol Viladoms (10)\" \/><\/figure><\/div><div class=\"swiper-slide\" role=\"group\" aria-roledescription=\"slide\" aria-label=\"4 de 10\"><figure class=\"swiper-slide-inner\"><img decoding=\"async\" class=\"swiper-slide-image\" src=\"https:\/\/mcacustica.com\/wp-content\/uploads\/elementor\/thumbs\/AllinOne-Barcelona_design_FrancescRife_photo_DavidZarzoso_27-r7alay9z8s48jdv28vpfxteqyhyv16wdodxcfmi1xo.jpg\" alt=\"AllinOne Barcelona_design_FrancescRife_photo_DavidZarzoso_27\" \/><\/figure><\/div><div class=\"swiper-slide\" role=\"group\" aria-roledescription=\"slide\" aria-label=\"5 de 10\"><figure class=\"swiper-slide-inner\"><img decoding=\"async\" class=\"swiper-slide-image\" src=\"https:\/\/mcacustica.com\/wp-content\/uploads\/elementor\/thumbs\/068-EPL-arquitectura-Residencia-Geriatrica-Sabadell-FOTO-03-scaled-r7alb4uukmd8snli6gjtx9qz472fj2mi1ahqsk8aq4.jpg\" alt=\"SARQuavitae Sabadell Ciutat \u00a9 Roger Castellon \/ Anna Jimenez\" \/><\/figure><\/div><div class=\"swiper-slide\" role=\"group\" aria-roledescription=\"slide\" aria-label=\"6 de 10\"><figure class=\"swiper-slide-inner\"><img decoding=\"async\" class=\"swiper-slide-image\" src=\"https:\/\/mcacustica.com\/wp-content\/uploads\/elementor\/thumbs\/2194-2-copia-3-r7alay9z8s48jdv28vpfxteqyhyv16wdodxcfmi1xo.jpg\" alt=\"2194 2 copia 3\" \/><\/figure><\/div><div class=\"swiper-slide\" role=\"group\" aria-roledescription=\"slide\" aria-label=\"7 de 10\"><figure class=\"swiper-slide-inner\"><img decoding=\"async\" class=\"swiper-slide-image\" src=\"https:\/\/mcacustica.com\/wp-content\/uploads\/elementor\/thumbs\/1-r7alb5sorgej49k50yyghrifpkxsqrq8df589u6wjw.jpg\" alt=\"1\" \/><\/figure><\/div><div class=\"swiper-slide\" role=\"group\" aria-roledescription=\"slide\" aria-label=\"8 de 10\"><figure class=\"swiper-slide-inner\"><img decoding=\"async\" class=\"swiper-slide-image\" src=\"https:\/\/mcacustica.com\/wp-content\/uploads\/elementor\/thumbs\/IMG-6156-r7alb3x0dsbyh1mvby57crziit72bdirp5u9ba9owc.jpg\" alt=\"IMG-6156\" \/><\/figure><\/div><div class=\"swiper-slide\" role=\"group\" aria-roledescription=\"slide\" aria-label=\"9 de 10\"><figure class=\"swiper-slide-inner\"><img decoding=\"async\" class=\"swiper-slide-image\" src=\"https:\/\/mcacustica.com\/wp-content\/uploads\/elementor\/thumbs\/IMG-7669-r7alb3x0dsbyh1mvby57crziit72bdirp5u9ba9owc.jpg\" alt=\"IMG-7669\" \/><\/figure><\/div><div class=\"swiper-slide\" role=\"group\" aria-roledescription=\"slide\" aria-label=\"10 de 10\"><figure class=\"swiper-slide-inner\"><img decoding=\"async\" class=\"swiper-slide-image\" src=\"https:\/\/mcacustica.com\/wp-content\/uploads\/elementor\/thumbs\/IMG-5468-1-r7alay9z8s48jdv28vpfxteqyhyv16wdodxcfmi1xo.jpg\" alt=\"IMG-5468\" \/><\/figure><\/div>\t\t\t<\/div>\n\t\t\t\t\t\t\t\t\t\t\t\t<div class=\"elementor-swiper-button elementor-swiper-button-prev\" role=\"button\" tabindex=\"0\">\n\t\t\t\t\t\t<i aria-hidden=\"true\" class=\"eicon-chevron-left\"><\/i>\t\t\t\t\t<\/div>\n\t\t\t\t\t<div class=\"elementor-swiper-button elementor-swiper-button-next\" role=\"button\" tabindex=\"0\">\n\t\t\t\t\t\t<i aria-hidden=\"true\" class=\"eicon-chevron-right\"><\/i>\t\t\t\t\t<\/div>\n\t\t\t\t\n\t\t\t\t\t\t\t\t\t<\/div>\n\t\t\t\t\t\t<\/div>\n\t\t\t\t<\/div>\n\t\t\t\t<div class=\"elementor-element elementor-element-affde48 elementor-widget elementor-widget-spacer\" data-id=\"affde48\" data-element_type=\"widget\" data-e-type=\"widget\" data-widget_type=\"spacer.default\">\n\t\t\t\t<div class=\"elementor-widget-container\">\n\t\t\t\t\t\t\t<div class=\"elementor-spacer\">\n\t\t\t<div class=\"elementor-spacer-inner\"><\/div>\n\t\t<\/div>\n\t\t\t\t\t\t<\/div>\n\t\t\t\t<\/div>\n\t\t\t\t<div class=\"elementor-element elementor-element-3cd6788 elementor-widget elementor-widget-text-editor\" data-id=\"3cd6788\" data-element_type=\"widget\" data-e-type=\"widget\" data-widget_type=\"text-editor.default\">\n\t\t\t\t<div class=\"elementor-widget-container\">\n\t\t\t\t\t\t\t\t\t<p>MC Ac\u00fastica \u00e9s una enginyeria especialitzada en ac\u00fastica que disposa dels coneixements, l&#8217;experi\u00e8ncia i la tecnologia necess\u00e0ria per avaluar i resoldre amb precisi\u00f3 qualsevol problema ac\u00fastic, aportant-ne les solucions adequades.<\/p><p>La nostra activitat es dirigeix principalment a arquitectes, enginyers, constructores, empreses i organismes p\u00fablics, i intervenim en totes les fases dels projectes aix\u00ed com en la millora d\u2019obres ja executades (resoluci\u00f3 de problemes ac\u00fastics en obres acabades).<\/p><p>Oferim serveis d\u2019enginyeria ac\u00fastica en els seg\u00fcents camps:<\/p>\t\t\t\t\t\t\t\t<\/div>\n\t\t\t\t<\/div>\n\t\t\t\t<div class=\"elementor-element elementor-element-aa1bd4a elementor-align-center elementor-widget elementor-widget-button\" data-id=\"aa1bd4a\" data-element_type=\"widget\" data-e-type=\"widget\" data-widget_type=\"button.default\">\n\t\t\t\t<div class=\"elementor-widget-container\">\n\t\t\t\t\t\t\t\t\t<div class=\"elementor-button-wrapper\">\n\t\t\t\t\t<a class=\"elementor-button elementor-button-link elementor-size-sm\" href=\"https:\/\/mcacustica.com\/?page_id=1773\">\n\t\t\t\t\t\t<span class=\"elementor-button-content-wrapper\">\n\t\t\t\t\t\t\t\t\t<span class=\"elementor-button-text\">AC\u00daSTICA ARQUITECT\u00d2NICA<\/span>\n\t\t\t\t\t<\/span>\n\t\t\t\t\t<\/a>\n\t\t\t\t<\/div>\n\t\t\t\t\t\t\t\t<\/div>\n\t\t\t\t<\/div>\n\t\t\t\t<div class=\"elementor-element elementor-element-6c71153 elementor-arrows-position-inside elementor-widget elementor-widget-image-carousel\" data-id=\"6c71153\" data-element_type=\"widget\" data-e-type=\"widget\" data-settings=\"{&quot;slides_to_show&quot;:&quot;1&quot;,&quot;navigation&quot;:&quot;arrows&quot;,&quot;autoplay&quot;:&quot;yes&quot;,&quot;pause_on_hover&quot;:&quot;yes&quot;,&quot;pause_on_interaction&quot;:&quot;yes&quot;,&quot;autoplay_speed&quot;:5000,&quot;infinite&quot;:&quot;yes&quot;,&quot;effect&quot;:&quot;slide&quot;,&quot;speed&quot;:500}\" data-widget_type=\"image-carousel.default\">\n\t\t\t\t<div class=\"elementor-widget-container\">\n\t\t\t\t\t\t\t<div class=\"elementor-image-carousel-wrapper swiper\" role=\"region\" aria-roledescription=\"carousel\" aria-label=\"Carrusel de im\u00e1genes\" dir=\"ltr\">\n\t\t\t<div class=\"elementor-image-carousel swiper-wrapper\" aria-live=\"off\">\n\t\t\t\t\t\t\t\t<div class=\"swiper-slide\" role=\"group\" aria-roledescription=\"slide\" aria-label=\"1 de 1\"><a data-elementor-open-lightbox=\"yes\" data-elementor-lightbox-slideshow=\"6c71153\" data-elementor-lightbox-title=\"JGC-180329_1141\" data-e-action-hash=\"#elementor-action%3Aaction%3Dlightbox%26settings%3DeyJpZCI6MTM3OCwidXJsIjoiaHR0cHM6XC9cL21jYWN1c3RpY2EuY29tXC93cC1jb250ZW50XC91cGxvYWRzXC8yMDIyXC8wOFwvSkdDLTE4MDMyOV8xMTQxLWUxNjYxODUxMTgyODQxLmpwZyIsInNsaWRlc2hvdyI6IjZjNzExNTMifQ%3D%3D\" href=\"https:\/\/mcacustica.com\/?page_id=1773\"><figure class=\"swiper-slide-inner\"><img decoding=\"async\" class=\"swiper-slide-image\" src=\"https:\/\/mcacustica.com\/wp-content\/uploads\/elementor\/thumbs\/JGC-180329_1141-e1661851182841-r7alb21c047yoccvsqmsw0vkdfbtp9dcj6spac11mw.jpg\" alt=\"JGC-180329_1141\" \/><\/figure><\/a><\/div>\t\t\t<\/div>\n\t\t\t\t\t<\/div>\n\t\t\t\t\t\t<\/div>\n\t\t\t\t<\/div>\n\t\t\t\t<div class=\"elementor-element elementor-element-f9911b2 elementor-widget elementor-widget-spacer\" data-id=\"f9911b2\" data-element_type=\"widget\" data-e-type=\"widget\" data-widget_type=\"spacer.default\">\n\t\t\t\t<div class=\"elementor-widget-container\">\n\t\t\t\t\t\t\t<div class=\"elementor-spacer\">\n\t\t\t<div class=\"elementor-spacer-inner\"><\/div>\n\t\t<\/div>\n\t\t\t\t\t\t<\/div>\n\t\t\t\t<\/div>\n\t\t\t\t<div class=\"elementor-element elementor-element-ed05fac elementor-align-center elementor-widget elementor-widget-button\" data-id=\"ed05fac\" data-element_type=\"widget\" data-e-type=\"widget\" data-widget_type=\"button.default\">\n\t\t\t\t<div class=\"elementor-widget-container\">\n\t\t\t\t\t\t\t\t\t<div class=\"elementor-button-wrapper\">\n\t\t\t\t\t<a class=\"elementor-button elementor-button-link elementor-size-sm\" href=\"https:\/\/mcacustica.com\/?page_id=1767\">\n\t\t\t\t\t\t<span class=\"elementor-button-content-wrapper\">\n\t\t\t\t\t\t\t\t\t<span class=\"elementor-button-text\">AC\u00daSTICA AMBIENTAL<\/span>\n\t\t\t\t\t<\/span>\n\t\t\t\t\t<\/a>\n\t\t\t\t<\/div>\n\t\t\t\t\t\t\t\t<\/div>\n\t\t\t\t<\/div>\n\t\t\t\t<div class=\"elementor-element elementor-element-106548d elementor-arrows-position-inside elementor-widget elementor-widget-image-carousel\" data-id=\"106548d\" data-element_type=\"widget\" data-e-type=\"widget\" data-settings=\"{&quot;slides_to_show&quot;:&quot;1&quot;,&quot;navigation&quot;:&quot;arrows&quot;,&quot;autoplay&quot;:&quot;yes&quot;,&quot;pause_on_hover&quot;:&quot;yes&quot;,&quot;pause_on_interaction&quot;:&quot;yes&quot;,&quot;autoplay_speed&quot;:5000,&quot;infinite&quot;:&quot;yes&quot;,&quot;effect&quot;:&quot;slide&quot;,&quot;speed&quot;:500}\" data-widget_type=\"image-carousel.default\">\n\t\t\t\t<div class=\"elementor-widget-container\">\n\t\t\t\t\t\t\t<div class=\"elementor-image-carousel-wrapper swiper\" role=\"region\" aria-roledescription=\"carousel\" aria-label=\"Carrusel de im\u00e1genes\" dir=\"ltr\">\n\t\t\t<div class=\"elementor-image-carousel swiper-wrapper\" aria-live=\"off\">\n\t\t\t\t\t\t\t\t<div class=\"swiper-slide\" role=\"group\" aria-roledescription=\"slide\" aria-label=\"1 de 1\"><a data-elementor-open-lightbox=\"yes\" data-elementor-lightbox-slideshow=\"106548d\" data-elementor-lightbox-title=\"By Pol Viladoms (10)\" data-e-action-hash=\"#elementor-action%3Aaction%3Dlightbox%26settings%3DeyJpZCI6MTYwMCwidXJsIjoiaHR0cHM6XC9cL21jYWN1c3RpY2EuY29tXC93cC1jb250ZW50XC91cGxvYWRzXC8yMDIyXC8wOFwvQnktUG9sLVZpbGFkb21zLTEwLTIuanBnIiwic2xpZGVzaG93IjoiMTA2NTQ4ZCJ9\" href=\"https:\/\/mcacustica.com\/?page_id=1767\"><figure class=\"swiper-slide-inner\"><img decoding=\"async\" class=\"swiper-slide-image\" src=\"https:\/\/mcacustica.com\/wp-content\/uploads\/elementor\/thumbs\/By-Pol-Viladoms-10-2-r7alb13hta6ocqe8y886bj43s1gghk9m7257t22ft4.jpg\" alt=\"By Pol Viladoms (10)\" \/><\/figure><\/a><\/div>\t\t\t<\/div>\n\t\t\t\t\t<\/div>\n\t\t\t\t\t\t<\/div>\n\t\t\t\t<\/div>\n\t\t\t\t<div class=\"elementor-element elementor-element-a269ddc elementor-widget elementor-widget-spacer\" data-id=\"a269ddc\" data-element_type=\"widget\" data-e-type=\"widget\" data-widget_type=\"spacer.default\">\n\t\t\t\t<div class=\"elementor-widget-container\">\n\t\t\t\t\t\t\t<div class=\"elementor-spacer\">\n\t\t\t<div class=\"elementor-spacer-inner\"><\/div>\n\t\t<\/div>\n\t\t\t\t\t\t<\/div>\n\t\t\t\t<\/div>\n\t\t\t\t<div class=\"elementor-element elementor-element-ff11ec3 elementor-align-center elementor-widget elementor-widget-button\" data-id=\"ff11ec3\" data-element_type=\"widget\" data-e-type=\"widget\" data-widget_type=\"button.default\">\n\t\t\t\t<div class=\"elementor-widget-container\">\n\t\t\t\t\t\t\t\t\t<div class=\"elementor-button-wrapper\">\n\t\t\t\t\t<a class=\"elementor-button elementor-button-link elementor-size-sm\" href=\"https:\/\/mcacustica.com\/?page_id=1770\">\n\t\t\t\t\t\t<span class=\"elementor-button-content-wrapper\">\n\t\t\t\t\t\t\t\t\t<span class=\"elementor-button-text\">AC\u00daSTICA INDUSTRIAL<\/span>\n\t\t\t\t\t<\/span>\n\t\t\t\t\t<\/a>\n\t\t\t\t<\/div>\n\t\t\t\t\t\t\t\t<\/div>\n\t\t\t\t<\/div>\n\t\t\t\t<div class=\"elementor-element elementor-element-34b6a76 elementor-arrows-position-inside elementor-widget elementor-widget-image-carousel\" data-id=\"34b6a76\" data-element_type=\"widget\" data-e-type=\"widget\" data-settings=\"{&quot;slides_to_show&quot;:&quot;1&quot;,&quot;navigation&quot;:&quot;arrows&quot;,&quot;autoplay&quot;:&quot;yes&quot;,&quot;pause_on_hover&quot;:&quot;yes&quot;,&quot;pause_on_interaction&quot;:&quot;yes&quot;,&quot;autoplay_speed&quot;:5000,&quot;infinite&quot;:&quot;yes&quot;,&quot;effect&quot;:&quot;slide&quot;,&quot;speed&quot;:500}\" data-widget_type=\"image-carousel.default\">\n\t\t\t\t<div class=\"elementor-widget-container\">\n\t\t\t\t\t\t\t<div class=\"elementor-image-carousel-wrapper swiper\" role=\"region\" aria-roledescription=\"carousel\" aria-label=\"Carrusel de im\u00e1genes\" dir=\"ltr\">\n\t\t\t<div class=\"elementor-image-carousel swiper-wrapper\" aria-live=\"off\">\n\t\t\t\t\t\t\t\t<div class=\"swiper-slide\" role=\"group\" aria-roledescription=\"slide\" aria-label=\"1 de 1\"><a data-elementor-open-lightbox=\"yes\" data-elementor-lightbox-slideshow=\"34b6a76\" data-elementor-lightbox-title=\"IMG_5262 copia\" data-e-action-hash=\"#elementor-action%3Aaction%3Dlightbox%26settings%3DeyJpZCI6MTYzNywidXJsIjoiaHR0cHM6XC9cL21jYWN1c3RpY2EuY29tXC93cC1jb250ZW50XC91cGxvYWRzXC8yMDIyXC8wOFwvSU1HXzUyNjItY29waWEtc2NhbGVkLmpwZyIsInNsaWRlc2hvdyI6IjM0YjZhNzYifQ%3D%3D\" href=\"https:\/\/mcacustica.com\/?page_id=1770\"><figure class=\"swiper-slide-inner\"><img decoding=\"async\" class=\"swiper-slide-image\" src=\"https:\/\/mcacustica.com\/wp-content\/uploads\/elementor\/thumbs\/IMG_5262-copia-scaled-r7alb4uukmbtn68sc9uoli5y5kxxccojjkr5q5wv48.jpg\" alt=\"IMG_5262 copia\" \/><\/figure><\/a><\/div>\t\t\t<\/div>\n\t\t\t\t\t<\/div>\n\t\t\t\t\t\t<\/div>\n\t\t\t\t<\/div>\n\t\t\t\t\t<\/div>\n\t\t<\/div>\n\t\t\t\t\t<\/div>\n\t\t<\/section>\n\t\t\t\t<\/div>\n\t\t","protected":false},"excerpt":{"rendered":"<p>Anterior Siguiente MC Ac\u00fastica \u00e9s una enginyeria especialitzada en ac\u00fastica que disposa dels coneixements, l&#8217;experi\u00e8ncia i la tecnologia necess\u00e0ria per avaluar i resoldre amb precisi\u00f3 qualsevol problema ac\u00fastic, aportant-ne les solucions adequades. La nostra activitat es dirigeix principalment a arquitectes, enginyers, constructores, empreses i organismes p\u00fablics, i intervenim en totes les fases dels projectes aix\u00ed &#8230; <a title=\"INICI\" class=\"read-more\" href=\"https:\/\/mcacustica.com\/\" aria-label=\"M\u00e1s en INICI\">Leer m\u00e1s<\/a><\/p>\n","protected":false},"author":1,"featured_media":0,"parent":0,"menu_order":0,"comment_status":"closed","ping_status":"closed","template":"elementor_theme","meta":{"footnotes":""},"class_list":["post-267","page","type-page","status-publish"],"_links":{"self":[{"href":"https:\/\/mcacustica.com\/index.php?rest_route=\/wp\/v2\/pages\/267","targetHints":{"allow":["GET"]}}],"collection":[{"href":"https:\/\/mcacustica.com\/index.php?rest_route=\/wp\/v2\/pages"}],"about":[{"href":"https:\/\/mcacustica.com\/index.php?rest_route=\/wp\/v2\/types\/page"}],"author":[{"embeddable":true,"href":"https:\/\/mcacustica.com\/index.php?rest_route=\/wp\/v2\/users\/1"}],"replies":[{"embeddable":true,"href":"https:\/\/mcacustica.com\/index.php?rest_route=%2Fwp%2Fv2%2Fcomments&post=267"}],"version-history":[{"count":551,"href":"https:\/\/mcacustica.com\/index.php?rest_route=\/wp\/v2\/pages\/267\/revisions"}],"predecessor-version":[{"id":2370,"href":"https:\/\/mcacustica.com\/index.php?rest_route=\/wp\/v2\/pages\/267\/revisions\/2370"}],"wp:attachment":[{"href":"https:\/\/mcacustica.com\/index.php?rest_route=%2Fwp%2Fv2%2Fmedia&parent=267"}],"curies":[{"name":"wp","href":"https:\/\/api.w.org\/{rel}","templated":true}]}}