{"id":162,"date":"2022-06-10T10:31:34","date_gmt":"2022-06-10T10:31:34","guid":{"rendered":"https:\/\/mcacustica.com\/?page_id=162"},"modified":"2022-09-21T09:17:20","modified_gmt":"2022-09-21T09:17:20","slug":"acustica-ambiental","status":"publish","type":"page","link":"https:\/\/mcacustica.com\/?page_id=162","title":{"rendered":"AC\u00daSTICA AMBIENTAL"},"content":{"rendered":"\t\t<div data-elementor-type=\"wp-page\" data-elementor-id=\"162\" class=\"elementor elementor-162\">\n\t\t\t\t\t\t<section class=\"elementor-section elementor-top-section elementor-element elementor-element-dedb8a6 elementor-section-boxed elementor-section-height-default elementor-section-height-default\" data-id=\"dedb8a6\" data-element_type=\"section\" data-e-type=\"section\">\n\t\t\t\t\t\t<div class=\"elementor-container elementor-column-gap-default\">\n\t\t\t\t\t<div class=\"elementor-column elementor-col-100 elementor-top-column elementor-element elementor-element-ef52aa4\" data-id=\"ef52aa4\" data-element_type=\"column\" data-e-type=\"column\">\n\t\t\t<div class=\"elementor-widget-wrap elementor-element-populated\">\n\t\t\t\t\t\t<div class=\"elementor-element elementor-element-1bc5bfd elementor-widget elementor-widget-text-editor\" data-id=\"1bc5bfd\" data-element_type=\"widget\" data-e-type=\"widget\" data-widget_type=\"text-editor.default\">\n\t\t\t\t<div class=\"elementor-widget-container\">\n\t\t\t\t\t\t\t\t\t<p>AC\u00daSTICA AMBIENTAL<\/p>\t\t\t\t\t\t\t\t<\/div>\n\t\t\t\t<\/div>\n\t\t\t\t<div class=\"elementor-element elementor-element-eef2b7e elementor-arrows-position-inside elementor-widget elementor-widget-image-carousel\" data-id=\"eef2b7e\" data-element_type=\"widget\" data-e-type=\"widget\" data-settings=\"{&quot;slides_to_show&quot;:&quot;1&quot;,&quot;navigation&quot;:&quot;arrows&quot;,&quot;pause_on_hover&quot;:&quot;no&quot;,&quot;pause_on_interaction&quot;:&quot;no&quot;,&quot;autoplay_speed&quot;:3000,&quot;speed&quot;:1000,&quot;autoplay&quot;:&quot;yes&quot;,&quot;infinite&quot;:&quot;yes&quot;,&quot;effect&quot;:&quot;slide&quot;}\" data-widget_type=\"image-carousel.default\">\n\t\t\t\t<div class=\"elementor-widget-container\">\n\t\t\t\t\t\t\t<div class=\"elementor-image-carousel-wrapper swiper\" role=\"region\" aria-roledescription=\"carousel\" aria-label=\"Carrusel de im\u00e1genes\" dir=\"ltr\">\n\t\t\t<div class=\"elementor-image-carousel swiper-wrapper\" aria-live=\"off\">\n\t\t\t\t\t\t\t\t<div class=\"swiper-slide\" role=\"group\" aria-roledescription=\"slide\" aria-label=\"1 de 3\"><figure class=\"swiper-slide-inner\"><img decoding=\"async\" class=\"swiper-slide-image\" src=\"https:\/\/mcacustica.com\/wp-content\/uploads\/elementor\/thumbs\/turo-de-la-peira-public-facilities-architecture-anna-noguera-19-e1661850172398-r7alb05tpq100h6zny3bxgben1mbu5c5l7pbyh4kfw.jpg\" alt=\"turo-de-la-peira-public-facilities-architecture-anna-noguera-19\" \/><\/figure><\/div><div class=\"swiper-slide\" role=\"group\" aria-roledescription=\"slide\" aria-label=\"2 de 3\"><figure class=\"swiper-slide-inner\"><img decoding=\"async\" class=\"swiper-slide-image\" src=\"https:\/\/mcacustica.com\/wp-content\/uploads\/elementor\/thumbs\/By-Pol-Viladoms-10-copia-e1661850197491-r7alaxcb57x51nb34evg7z10uw08720yktqvin8qyk.jpg\" alt=\"By Pol Viladoms (10) copia\" \/><\/figure><\/div><div class=\"swiper-slide\" role=\"group\" aria-roledescription=\"slide\" aria-label=\"3 de 3\"><figure class=\"swiper-slide-inner\"><img decoding=\"async\" class=\"swiper-slide-image\" src=\"https:\/\/mcacustica.com\/wp-content\/uploads\/elementor\/thumbs\/Nou_Barris-1305-copia-2-r7alb05tpq100h6zny3bxgben1mbu5c5l7pbyh4kfw.jpg\" alt=\"Nou_Barris-1305 copia\" \/><\/figure><\/div>\t\t\t<\/div>\n\t\t\t\t\t\t\t\t\t\t\t\t<div class=\"elementor-swiper-button elementor-swiper-button-prev\" role=\"button\" tabindex=\"0\">\n\t\t\t\t\t\t<i aria-hidden=\"true\" class=\"eicon-chevron-left\"><\/i>\t\t\t\t\t<\/div>\n\t\t\t\t\t<div class=\"elementor-swiper-button elementor-swiper-button-next\" role=\"button\" tabindex=\"0\">\n\t\t\t\t\t\t<i aria-hidden=\"true\" class=\"eicon-chevron-right\"><\/i>\t\t\t\t\t<\/div>\n\t\t\t\t\n\t\t\t\t\t\t\t\t\t<\/div>\n\t\t\t\t\t\t<\/div>\n\t\t\t\t<\/div>\n\t\t\t\t<div class=\"elementor-element elementor-element-236d3b3 elementor-widget elementor-widget-spacer\" data-id=\"236d3b3\" data-element_type=\"widget\" data-e-type=\"widget\" data-widget_type=\"spacer.default\">\n\t\t\t\t<div class=\"elementor-widget-container\">\n\t\t\t\t\t\t\t<div class=\"elementor-spacer\">\n\t\t\t<div class=\"elementor-spacer-inner\"><\/div>\n\t\t<\/div>\n\t\t\t\t\t\t<\/div>\n\t\t\t\t<\/div>\n\t\t\t\t<div class=\"elementor-element elementor-element-46c344e elementor-widget elementor-widget-text-editor\" data-id=\"46c344e\" data-element_type=\"widget\" data-e-type=\"widget\" data-widget_type=\"text-editor.default\">\n\t\t\t\t<div class=\"elementor-widget-container\">\n\t\t\t\t\t\t\t\t\t<p>En l&#8217;actualitat, degut a la creixent contaminaci\u00f3 ac\u00fastica que patim, hi ha una gran sensibilitat per part de la poblaci\u00f3 envers als problemes de soroll. Per aquest motiu, les normatives existents s&#8217;han fet m\u00e9s exigents fins al punt que totes les noves activitats requereixen un projecte d&#8217;impacte ac\u00fastic per a l&#8217;obtenci\u00f3 de la llic\u00e8ncia.<\/p><p>Des d&#8217;MC Ac\u00fastica fem projectes d&#8217;impacte ac\u00fastic que recolliran totes les solucions necess\u00e0ries per al compliment de la normativa vigent en mat\u00e8ria de soroll i vibracions aix\u00ed com la justificaci\u00f3 de les mateixes garantint al client l&#8217;obtenci\u00f3 de la llic\u00e8ncia de l&#8217;activitat.<\/p><p>Per altra banda, es fa imprescindible la predicci\u00f3 de l&#8217;impacte ac\u00fastic a activitats industrials, infraestructures vi\u00e0ries i ferrovi\u00e0ries per tal de dissenyar a temps proteccions sonores que garanteixin el compliment de les normatives vigents.\u00a0<\/p>\t\t\t\t\t\t\t\t<\/div>\n\t\t\t\t<\/div>\n\t\t\t\t\t<\/div>\n\t\t<\/div>\n\t\t\t\t\t<\/div>\n\t\t<\/section>\n\t\t\t\t<\/div>\n\t\t","protected":false},"excerpt":{"rendered":"<p>AC\u00daSTICA AMBIENTAL Anterior Siguiente En l&#8217;actualitat, degut a la creixent contaminaci\u00f3 ac\u00fastica que patim, hi ha una gran sensibilitat per part de la poblaci\u00f3 envers als problemes de soroll. Per aquest motiu, les normatives existents s&#8217;han fet m\u00e9s exigents fins al punt que totes les noves activitats requereixen un projecte d&#8217;impacte ac\u00fastic per a l&#8217;obtenci\u00f3 &#8230; <a title=\"AC\u00daSTICA AMBIENTAL\" class=\"read-more\" href=\"https:\/\/mcacustica.com\/?page_id=162\" aria-label=\"M\u00e1s en AC\u00daSTICA AMBIENTAL\">Leer m\u00e1s<\/a><\/p>\n","protected":false},"author":1,"featured_media":0,"parent":0,"menu_order":0,"comment_status":"closed","ping_status":"closed","template":"elementor_theme","meta":{"footnotes":""},"class_list":["post-162","page","type-page","status-publish"],"_links":{"self":[{"href":"https:\/\/mcacustica.com\/index.php?rest_route=\/wp\/v2\/pages\/162","targetHints":{"allow":["GET"]}}],"collection":[{"href":"https:\/\/mcacustica.com\/index.php?rest_route=\/wp\/v2\/pages"}],"about":[{"href":"https:\/\/mcacustica.com\/index.php?rest_route=\/wp\/v2\/types\/page"}],"author":[{"embeddable":true,"href":"https:\/\/mcacustica.com\/index.php?rest_route=\/wp\/v2\/users\/1"}],"replies":[{"embeddable":true,"href":"https:\/\/mcacustica.com\/index.php?rest_route=%2Fwp%2Fv2%2Fcomments&post=162"}],"version-history":[{"count":60,"href":"https:\/\/mcacustica.com\/index.php?rest_route=\/wp\/v2\/pages\/162\/revisions"}],"predecessor-version":[{"id":2432,"href":"https:\/\/mcacustica.com\/index.php?rest_route=\/wp\/v2\/pages\/162\/revisions\/2432"}],"wp:attachment":[{"href":"https:\/\/mcacustica.com\/index.php?rest_route=%2Fwp%2Fv2%2Fmedia&parent=162"}],"curies":[{"name":"wp","href":"https:\/\/api.w.org\/{rel}","templated":true}]}}