{"id":160,"date":"2022-06-10T10:31:09","date_gmt":"2022-06-10T10:31:09","guid":{"rendered":"https:\/\/mcacustica.com\/?page_id=160"},"modified":"2022-09-21T09:16:02","modified_gmt":"2022-09-21T09:16:02","slug":"acustica-arquitectonica","status":"publish","type":"page","link":"https:\/\/mcacustica.com\/?page_id=160","title":{"rendered":"AC\u00daSTICA ARQUITECT\u00d2NICA"},"content":{"rendered":"\t\t<div data-elementor-type=\"wp-page\" data-elementor-id=\"160\" class=\"elementor elementor-160\">\n\t\t\t\t\t\t<section class=\"elementor-section elementor-top-section elementor-element elementor-element-b56251e elementor-section-boxed elementor-section-height-default elementor-section-height-default\" data-id=\"b56251e\" data-element_type=\"section\" data-e-type=\"section\">\n\t\t\t\t\t\t<div class=\"elementor-container elementor-column-gap-default\">\n\t\t\t\t\t<div class=\"elementor-column elementor-col-100 elementor-top-column elementor-element elementor-element-6e115ca\" data-id=\"6e115ca\" data-element_type=\"column\" data-e-type=\"column\">\n\t\t\t<div class=\"elementor-widget-wrap elementor-element-populated\">\n\t\t\t\t\t\t<div class=\"elementor-element elementor-element-cb6eede elementor-align-center elementor-widget elementor-widget-button\" data-id=\"cb6eede\" data-element_type=\"widget\" data-e-type=\"widget\" data-widget_type=\"button.default\">\n\t\t\t\t<div class=\"elementor-widget-container\">\n\t\t\t\t\t\t\t\t\t<div class=\"elementor-button-wrapper\">\n\t\t\t\t\t<a class=\"elementor-button elementor-size-sm\" role=\"button\">\n\t\t\t\t\t\t<span class=\"elementor-button-content-wrapper\">\n\t\t\t\t\t\t\t\t\t<span class=\"elementor-button-text\">AC\u00daSTICA ARQUITECT\u00d2NICA<\/span>\n\t\t\t\t\t<\/span>\n\t\t\t\t\t<\/a>\n\t\t\t\t<\/div>\n\t\t\t\t\t\t\t\t<\/div>\n\t\t\t\t<\/div>\n\t\t\t\t<div class=\"elementor-element elementor-element-a6c4cac elementor-arrows-position-inside elementor-widget elementor-widget-image-carousel\" data-id=\"a6c4cac\" data-element_type=\"widget\" data-e-type=\"widget\" data-settings=\"{&quot;slides_to_show&quot;:&quot;1&quot;,&quot;navigation&quot;:&quot;arrows&quot;,&quot;pause_on_hover&quot;:&quot;no&quot;,&quot;pause_on_interaction&quot;:&quot;no&quot;,&quot;autoplay_speed&quot;:3000,&quot;speed&quot;:1000,&quot;autoplay&quot;:&quot;yes&quot;,&quot;infinite&quot;:&quot;yes&quot;,&quot;effect&quot;:&quot;slide&quot;}\" data-widget_type=\"image-carousel.default\">\n\t\t\t\t<div class=\"elementor-widget-container\">\n\t\t\t\t\t\t\t<div class=\"elementor-image-carousel-wrapper swiper\" role=\"region\" aria-roledescription=\"carousel\" aria-label=\"Carrusel de im\u00e1genes\" dir=\"ltr\">\n\t\t\t<div class=\"elementor-image-carousel swiper-wrapper\" aria-live=\"off\">\n\t\t\t\t\t\t\t\t<div class=\"swiper-slide\" role=\"group\" aria-roledescription=\"slide\" aria-label=\"1 de 5\"><figure class=\"swiper-slide-inner\"><img decoding=\"async\" class=\"swiper-slide-image\" src=\"https:\/\/mcacustica.com\/wp-content\/uploads\/elementor\/thumbs\/IMG-6156-copia-scaled-r7alb5suuq8py4ysr0j3cew67cuj4byjlzm8u4w7ek.jpg\" alt=\"IMG-6156 copia\" \/><\/figure><\/div><div class=\"swiper-slide\" role=\"group\" aria-roledescription=\"slide\" aria-label=\"2 de 5\"><figure class=\"swiper-slide-inner\"><img decoding=\"async\" class=\"swiper-slide-image\" src=\"https:\/\/mcacustica.com\/wp-content\/uploads\/elementor\/thumbs\/sinofos-1-e1661851040757-r7alaz7zivzpov8ctfopcyjy1nqymg8f931uh75ym4.jpg\" alt=\"sinofos 1\" \/><\/figure><\/div><div class=\"swiper-slide\" role=\"group\" aria-roledescription=\"slide\" aria-label=\"3 de 5\"><figure class=\"swiper-slide-inner\"><img decoding=\"async\" class=\"swiper-slide-image\" src=\"https:\/\/mcacustica.com\/wp-content\/uploads\/elementor\/thumbs\/JGC-180329_1141-e1661851182841-r7alb21i3e3knp49cywl2fubttd29jjm9h0ax11s3g.jpg\" alt=\"JGC-180329_1141\" \/><\/figure><\/div><div class=\"swiper-slide\" role=\"group\" aria-roledescription=\"slide\" aria-label=\"4 de 5\"><figure class=\"swiper-slide-inner\"><img decoding=\"async\" class=\"swiper-slide-image\" src=\"https:\/\/mcacustica.com\/wp-content\/uploads\/elementor\/thumbs\/AllinOne_Barcelona_design_FrancescRife_photo_DavidZarzoso_27-e1661851129236-r7alawegydvuq1cg9wgtnh9k9i4uzcx88p3e1da54s.jpg\" alt=\"AllinOne_Barcelona_design_FrancescRife_photo_DavidZarzoso_27\" \/><\/figure><\/div><div class=\"swiper-slide\" role=\"group\" aria-roledescription=\"slide\" aria-label=\"5 de 5\"><figure class=\"swiper-slide-inner\"><img decoding=\"async\" class=\"swiper-slide-image\" src=\"https:\/\/mcacustica.com\/wp-content\/uploads\/elementor\/thumbs\/068-EPL-arquitectura-Residencia-Geriatrica-Sabadell-FOTO-01-e1661851105975-r7alaptlmjmugrm0cbmfo0xc3t1ahh73vsizofjwcc.jpg\" alt=\"SARQuavitae Sabadell Ciutat \u00a9 Roger Castellon \/ Anna Jimenez\" \/><\/figure><\/div>\t\t\t<\/div>\n\t\t\t\t\t\t\t\t\t\t\t\t<div class=\"elementor-swiper-button elementor-swiper-button-prev\" role=\"button\" tabindex=\"0\">\n\t\t\t\t\t\t<i aria-hidden=\"true\" class=\"eicon-chevron-left\"><\/i>\t\t\t\t\t<\/div>\n\t\t\t\t\t<div class=\"elementor-swiper-button elementor-swiper-button-next\" role=\"button\" tabindex=\"0\">\n\t\t\t\t\t\t<i aria-hidden=\"true\" class=\"eicon-chevron-right\"><\/i>\t\t\t\t\t<\/div>\n\t\t\t\t\n\t\t\t\t\t\t\t\t\t<\/div>\n\t\t\t\t\t\t<\/div>\n\t\t\t\t<\/div>\n\t\t\t\t<div class=\"elementor-element elementor-element-95855b7 elementor-widget elementor-widget-spacer\" data-id=\"95855b7\" data-element_type=\"widget\" data-e-type=\"widget\" data-widget_type=\"spacer.default\">\n\t\t\t\t<div class=\"elementor-widget-container\">\n\t\t\t\t\t\t\t<div class=\"elementor-spacer\">\n\t\t\t<div class=\"elementor-spacer-inner\"><\/div>\n\t\t<\/div>\n\t\t\t\t\t\t<\/div>\n\t\t\t\t<\/div>\n\t\t\t\t<div class=\"elementor-element elementor-element-b76ba91 elementor-widget elementor-widget-text-editor\" data-id=\"b76ba91\" data-element_type=\"widget\" data-e-type=\"widget\" data-widget_type=\"text-editor.default\">\n\t\t\t\t<div class=\"elementor-widget-container\">\n\t\t\t\t\t\t\t\t\t<p>CONDICIONAMENT AC\u00daSTIC<\/p>\t\t\t\t\t\t\t\t<\/div>\n\t\t\t\t<\/div>\n\t\t\t\t<div class=\"elementor-element elementor-element-89913ca elementor-widget elementor-widget-text-editor\" data-id=\"89913ca\" data-element_type=\"widget\" data-e-type=\"widget\" data-widget_type=\"text-editor.default\">\n\t\t\t\t<div class=\"elementor-widget-container\">\n\t\t\t\t\t\t\t\t\t<p>Cada espai requereix un confort ac\u00fastic adequat per al seu \u00fas que assolirem amb l&#8217;equilibri dentre la reverberaci\u00f3, reflexi\u00f3 i absorci\u00f3 dels materials i la seva geometria.\u00a0<\/p><p>Des d&#8217;MC Acustica treballem el disseny interior de cada espai tenint en compte els requeriments ac\u00fastics necessaris per tal d&#8217;obtenir-ne la qualitat ac\u00fastica \u00f2ptima per al seu \u00fas.<\/p><p>Se n&#8217;estudia la seva geometria i volumetria aix\u00ed com les propietats dels materials de revestiment, i es defineixen les solucions constructives adequades, sempre en col\u00b7laboraci\u00f3 amb els equips d&#8217;arquitectura i interiorisme del projecte amb la finalitat d&#8217;adaptar-nos al disseny del client.\u00a0<\/p>\t\t\t\t\t\t\t\t<\/div>\n\t\t\t\t<\/div>\n\t\t\t\t<div class=\"elementor-element elementor-element-b029731 elementor-widget elementor-widget-spacer\" data-id=\"b029731\" data-element_type=\"widget\" data-e-type=\"widget\" data-widget_type=\"spacer.default\">\n\t\t\t\t<div class=\"elementor-widget-container\">\n\t\t\t\t\t\t\t<div class=\"elementor-spacer\">\n\t\t\t<div class=\"elementor-spacer-inner\"><\/div>\n\t\t<\/div>\n\t\t\t\t\t\t<\/div>\n\t\t\t\t<\/div>\n\t\t\t\t\t<\/div>\n\t\t<\/div>\n\t\t\t\t\t<\/div>\n\t\t<\/section>\n\t\t\t\t<section class=\"elementor-section elementor-top-section elementor-element elementor-element-638a0e8 elementor-section-boxed elementor-section-height-default elementor-section-height-default\" data-id=\"638a0e8\" data-element_type=\"section\" data-e-type=\"section\">\n\t\t\t\t\t\t<div class=\"elementor-container elementor-column-gap-default\">\n\t\t\t\t\t<div class=\"elementor-column elementor-col-100 elementor-top-column elementor-element elementor-element-91f1ccd\" data-id=\"91f1ccd\" data-element_type=\"column\" data-e-type=\"column\">\n\t\t\t<div class=\"elementor-widget-wrap elementor-element-populated\">\n\t\t\t\t\t\t<div class=\"elementor-element elementor-element-f5d0be0 elementor-widget elementor-widget-text-editor\" data-id=\"f5d0be0\" data-element_type=\"widget\" data-e-type=\"widget\" data-widget_type=\"text-editor.default\">\n\t\t\t\t<div class=\"elementor-widget-container\">\n\t\t\t\t\t\t\t\t\t<p>A\u00cfLLAMENT AC\u00daSTIC<\/p>\t\t\t\t\t\t\t\t<\/div>\n\t\t\t\t<\/div>\n\t\t\t\t<div class=\"elementor-element elementor-element-a09b01e elementor-widget elementor-widget-text-editor\" data-id=\"a09b01e\" data-element_type=\"widget\" data-e-type=\"widget\" data-widget_type=\"text-editor.default\">\n\t\t\t\t<div class=\"elementor-widget-container\">\n\t\t\t\t\t\t\t\t\t<p>A\u00efllar ac\u00fasticament \u00e9s evitar que un soroll o surti d&#8217;una estan\u00e7a ocasionant mol\u00e8sties en els receptors o dificultant el desenvolupament d&#8217;una activitat.\u00a0<\/p><p>Per tal de garantir l&#8217;a\u00efllament ac\u00fastic (aeri i estructural) adequat par a cada espai, estudiem les solucions constructives adequades de tots els seus paraments i tancaments exteriors i interiors mitjan\u00e7ant programes espec\u00edfics de predicci\u00f3 i es comprova el compliment del Codi T\u00e8cnic de l&#8217;Edificaci\u00f3 DB-HR.<\/p>\t\t\t\t\t\t\t\t<\/div>\n\t\t\t\t<\/div>\n\t\t\t\t<div class=\"elementor-element elementor-element-9c1758b elementor-widget elementor-widget-spacer\" data-id=\"9c1758b\" data-element_type=\"widget\" data-e-type=\"widget\" data-widget_type=\"spacer.default\">\n\t\t\t\t<div class=\"elementor-widget-container\">\n\t\t\t\t\t\t\t<div class=\"elementor-spacer\">\n\t\t\t<div class=\"elementor-spacer-inner\"><\/div>\n\t\t<\/div>\n\t\t\t\t\t\t<\/div>\n\t\t\t\t<\/div>\n\t\t\t\t\t<\/div>\n\t\t<\/div>\n\t\t\t\t\t<\/div>\n\t\t<\/section>\n\t\t\t\t<section class=\"elementor-section elementor-top-section elementor-element elementor-element-6168dd3 elementor-section-boxed elementor-section-height-default elementor-section-height-default\" data-id=\"6168dd3\" data-element_type=\"section\" data-e-type=\"section\">\n\t\t\t\t\t\t<div class=\"elementor-container elementor-column-gap-default\">\n\t\t\t\t\t<div class=\"elementor-column elementor-col-100 elementor-top-column elementor-element elementor-element-82e5fc6\" data-id=\"82e5fc6\" data-element_type=\"column\" data-e-type=\"column\">\n\t\t\t<div class=\"elementor-widget-wrap elementor-element-populated\">\n\t\t\t\t\t\t<div class=\"elementor-element elementor-element-fb876e3 elementor-widget elementor-widget-text-editor\" data-id=\"fb876e3\" data-element_type=\"widget\" data-e-type=\"widget\" data-widget_type=\"text-editor.default\">\n\t\t\t\t<div class=\"elementor-widget-container\">\n\t\t\t\t\t\t\t\t\t<p>CONTROL DE SOROLL I VIBRACIONS DE LES INSTAL\u00b7LACIONS<\/p>\t\t\t\t\t\t\t\t<\/div>\n\t\t\t\t<\/div>\n\t\t\t\t<div class=\"elementor-element elementor-element-1e0d158 elementor-widget elementor-widget-text-editor\" data-id=\"1e0d158\" data-element_type=\"widget\" data-e-type=\"widget\" data-widget_type=\"text-editor.default\">\n\t\t\t\t<div class=\"elementor-widget-container\">\n\t\t\t\t\t\t\t\t\t<p>Les instal\u00b7lacions d&#8217;un edifici (climatitzaci\u00f3, sistema hidr\u00e0ulic, sistema el\u00e8ctric, etc.) sovint produeixen sorolls i vibracions que es transmeten a l&#8217;edifici i als ve\u00efns.<\/p><p>Calculem i dissenyem totes les solucions constructives necess\u00e0ries per al control del soroll i les vibracions de les instal\u00b7lacions d&#8217;edificis residencials, comercials, industrials o de serveis.<\/p>\t\t\t\t\t\t\t\t<\/div>\n\t\t\t\t<\/div>\n\t\t\t\t<div class=\"elementor-element elementor-element-360b167 elementor-widget elementor-widget-spacer\" data-id=\"360b167\" data-element_type=\"widget\" data-e-type=\"widget\" data-widget_type=\"spacer.default\">\n\t\t\t\t<div class=\"elementor-widget-container\">\n\t\t\t\t\t\t\t<div class=\"elementor-spacer\">\n\t\t\t<div class=\"elementor-spacer-inner\"><\/div>\n\t\t<\/div>\n\t\t\t\t\t\t<\/div>\n\t\t\t\t<\/div>\n\t\t\t\t\t<\/div>\n\t\t<\/div>\n\t\t\t\t\t<\/div>\n\t\t<\/section>\n\t\t\t\t<\/div>\n\t\t","protected":false},"excerpt":{"rendered":"<p>AC\u00daSTICA ARQUITECT\u00d2NICA Anterior Siguiente CONDICIONAMENT AC\u00daSTIC Cada espai requereix un confort ac\u00fastic adequat per al seu \u00fas que assolirem amb l&#8217;equilibri dentre la reverberaci\u00f3, reflexi\u00f3 i absorci\u00f3 dels materials i la seva geometria.\u00a0 Des d&#8217;MC Acustica treballem el disseny interior de cada espai tenint en compte els requeriments ac\u00fastics necessaris per tal d&#8217;obtenir-ne la qualitat &#8230; <a title=\"AC\u00daSTICA ARQUITECT\u00d2NICA\" class=\"read-more\" href=\"https:\/\/mcacustica.com\/?page_id=160\" aria-label=\"M\u00e1s en AC\u00daSTICA ARQUITECT\u00d2NICA\">Leer m\u00e1s<\/a><\/p>\n","protected":false},"author":1,"featured_media":0,"parent":0,"menu_order":0,"comment_status":"closed","ping_status":"closed","template":"elementor_theme","meta":{"footnotes":""},"class_list":["post-160","page","type-page","status-publish"],"_links":{"self":[{"href":"https:\/\/mcacustica.com\/index.php?rest_route=\/wp\/v2\/pages\/160","targetHints":{"allow":["GET"]}}],"collection":[{"href":"https:\/\/mcacustica.com\/index.php?rest_route=\/wp\/v2\/pages"}],"about":[{"href":"https:\/\/mcacustica.com\/index.php?rest_route=\/wp\/v2\/types\/page"}],"author":[{"embeddable":true,"href":"https:\/\/mcacustica.com\/index.php?rest_route=\/wp\/v2\/users\/1"}],"replies":[{"embeddable":true,"href":"https:\/\/mcacustica.com\/index.php?rest_route=%2Fwp%2Fv2%2Fcomments&post=160"}],"version-history":[{"count":145,"href":"https:\/\/mcacustica.com\/index.php?rest_route=\/wp\/v2\/pages\/160\/revisions"}],"predecessor-version":[{"id":2429,"href":"https:\/\/mcacustica.com\/index.php?rest_route=\/wp\/v2\/pages\/160\/revisions\/2429"}],"wp:attachment":[{"href":"https:\/\/mcacustica.com\/index.php?rest_route=%2Fwp%2Fv2%2Fmedia&parent=160"}],"curies":[{"name":"wp","href":"https:\/\/api.w.org\/{rel}","templated":true}]}}